{"id":49,"date":"2020-12-14T11:02:50","date_gmt":"2020-12-14T11:02:50","guid":{"rendered":"https:\/\/www.clinicavcentenario.com\/?page_id=49"},"modified":"2025-07-09T16:00:58","modified_gmt":"2025-07-09T16:00:58","slug":"contacto","status":"publish","type":"page","link":"https:\/\/www.clinicavilarsancho.com\/en\/contacto\/","title":{"rendered":"Contact"},"content":{"rendered":"<div data-elementor-type=\"wp-page\" data-elementor-id=\"49\" class=\"elementor elementor-49\">\n\t\t\t\t\t\t<section class=\"elementor-section elementor-top-section elementor-element elementor-element-05d853f elementor-section-boxed elementor-section-height-default elementor-section-height-default\" data-id=\"05d853f\" data-element_type=\"section\" data-e-type=\"section\" data-settings=\"{&quot;background_background&quot;:&quot;classic&quot;}\">\n\t\t\t\t\t\t<div class=\"elementor-container elementor-column-gap-default\">\n\t\t\t\t\t<div class=\"elementor-column elementor-col-100 elementor-top-column elementor-element elementor-element-95bc584\" data-id=\"95bc584\" data-element_type=\"column\" data-e-type=\"column\">\n\t\t\t<div class=\"elementor-widget-wrap elementor-element-populated\">\n\t\t\t\t\t\t<div class=\"elementor-element elementor-element-5696c3d elementor-widget elementor-widget-spacer\" data-id=\"5696c3d\" data-element_type=\"widget\" data-e-type=\"widget\" data-widget_type=\"spacer.default\">\n\t\t\t\t<div class=\"elementor-widget-container\">\n\t\t\t\t\t\t\t<div class=\"elementor-spacer\">\n\t\t\t<div class=\"elementor-spacer-inner\"><\/div>\n\t\t<\/div>\n\t\t\t\t\t\t<\/div>\n\t\t\t\t<\/div>\n\t\t\t\t<div class=\"elementor-element elementor-element-83f3f30 animated-fast elementor-invisible elementor-widget elementor-widget-heading\" data-id=\"83f3f30\" data-element_type=\"widget\" data-e-type=\"widget\" data-settings=\"{&quot;_animation&quot;:&quot;fadeIn&quot;}\" data-widget_type=\"heading.default\">\n\t\t\t\t<div class=\"elementor-widget-container\">\n\t\t\t\t\t<h2 class=\"elementor-heading-title elementor-size-default\">DO YOU HAVE ANY QUESTION?<\/h2>\t\t\t\t<\/div>\n\t\t\t\t<\/div>\n\t\t\t\t<div class=\"elementor-element elementor-element-4f02dea animated-fast elementor-invisible elementor-widget elementor-widget-heading\" data-id=\"4f02dea\" data-element_type=\"widget\" data-e-type=\"widget\" data-settings=\"{&quot;_animation&quot;:&quot;fadeIn&quot;}\" data-widget_type=\"heading.default\">\n\t\t\t\t<div class=\"elementor-widget-container\">\n\t\t\t\t\t<h2 class=\"elementor-heading-title elementor-size-default\">Ponte en contacto con nosotros, ser\u00e1 un placer atenderte.<\/h2>\t\t\t\t<\/div>\n\t\t\t\t<\/div>\n\t\t\t\t<div class=\"elementor-element elementor-element-8c17744 animated-slow elementor-invisible elementor-widget elementor-widget-image\" data-id=\"8c17744\" data-element_type=\"widget\" data-e-type=\"widget\" data-settings=\"{&quot;_animation&quot;:&quot;fadeIn&quot;}\" data-widget_type=\"image.default\">\n\t\t\t\t<div class=\"elementor-widget-container\">\n\t\t\t\t\t\t\t\t\t\t\t\t\t\t\t<img fetchpriority=\"high\" decoding=\"async\" width=\"768\" height=\"516\" src=\"https:\/\/www.clinicavilarsancho.com\/wp-content\/uploads\/2022\/01\/foto-contacto-768x516.jpg\" class=\"attachment-medium_large size-medium_large wp-image-3602\" alt=\"\" srcset=\"https:\/\/www.clinicavilarsancho.com\/wp-content\/uploads\/2022\/01\/foto-contacto-768x516.jpg 768w, https:\/\/www.clinicavilarsancho.com\/wp-content\/uploads\/2022\/01\/foto-contacto-300x202.jpg 300w, https:\/\/www.clinicavilarsancho.com\/wp-content\/uploads\/2022\/01\/foto-contacto.jpg 922w\" sizes=\"(max-width: 768px) 100vw, 768px\" \/>\t\t\t\t\t\t\t\t\t\t\t\t\t\t\t<\/div>\n\t\t\t\t<\/div>\n\t\t\t\t<div class=\"elementor-element elementor-element-961d38e animated-slow elementor-invisible elementor-widget elementor-widget-void-section-cf7\" data-id=\"961d38e\" data-element_type=\"widget\" data-e-type=\"widget\" data-settings=\"{&quot;_animation&quot;:&quot;fadeInDown&quot;}\" data-widget_type=\"void-section-cf7.default\">\n\t\t\t\t<div class=\"elementor-widget-container\">\n\t\t\t\t\t<div class=\"void-cf7-form-widget-wrapper elementor-shortcode void-cf7-0\" data-void-cf7-contact-form-id=\"4381\">\n<div class=\"wpcf7 no-js\" id=\"wpcf7-f4381-o1\" lang=\"es-ES\" dir=\"ltr\" data-wpcf7-id=\"4381\">\n<div class=\"screen-reader-response\"><p role=\"status\" aria-live=\"polite\" aria-atomic=\"true\"><\/p> <ul><\/ul><\/div>\n<form action=\"\/en\/wp-json\/wp\/v2\/pages\/49#wpcf7-f4381-o1\" method=\"post\" class=\"wpcf7-form init\" aria-label=\"Formulario de contacto\" novalidate=\"novalidate\" data-status=\"init\" data-trp-original-action=\"\/en\/wp-json\/wp\/v2\/pages\/49#wpcf7-f4381-o1\">\n<fieldset class=\"hidden-fields-container\"><input type=\"hidden\" name=\"_wpcf7\" value=\"4381\" \/><input type=\"hidden\" name=\"_wpcf7_version\" value=\"6.1.5\" \/><input type=\"hidden\" name=\"_wpcf7_locale\" value=\"es_ES\" \/><input type=\"hidden\" name=\"_wpcf7_unit_tag\" value=\"wpcf7-f4381-o1\" \/><input type=\"hidden\" name=\"_wpcf7_container_post\" value=\"0\" \/><input type=\"hidden\" name=\"_wpcf7_posted_data_hash\" value=\"\" \/><input type=\"hidden\" name=\"_wpcf7_recaptcha_response\" value=\"\" \/>\n<\/fieldset>\n<p><label> Name*<br \/>\n<span class=\"wpcf7-form-control-wrap\" data-name=\"your-name\"><input size=\"40\" maxlength=\"400\" class=\"wpcf7-form-control wpcf7-text wpcf7-validates-as-required\" aria-required=\"true\" aria-invalid=\"false\" value=\"\" type=\"text\" name=\"your-name\" \/><\/span> <\/label>\n<\/p>\n<p><label> E-mail*<br \/>\n<span class=\"wpcf7-form-control-wrap\" data-name=\"your-email\"><input size=\"40\" maxlength=\"400\" class=\"wpcf7-form-control wpcf7-email wpcf7-validates-as-required wpcf7-text wpcf7-validates-as-email\" aria-required=\"true\" aria-invalid=\"false\" value=\"\" type=\"email\" name=\"your-email\" \/><\/span> <\/label>\n<\/p>\n<p><label> Mobile*<br \/>\n<span class=\"wpcf7-form-control-wrap\" data-name=\"Mvil\"><input size=\"40\" maxlength=\"400\" class=\"wpcf7-form-control wpcf7-tel wpcf7-validates-as-required wpcf7-text wpcf7-validates-as-tel\" aria-required=\"true\" aria-invalid=\"false\" value=\"\" type=\"tel\" name=\"Mvil\" \/><\/span> <\/label>\n<\/p>\n<p><label> How can we help you?*<br \/>\n<span class=\"wpcf7-form-control-wrap\" data-name=\"your-message\"><textarea cols=\"40\" rows=\"10\" maxlength=\"2000\" class=\"wpcf7-form-control wpcf7-textarea wpcf7-validates-as-required\" aria-required=\"true\" aria-invalid=\"false\" name=\"your-message\"><\/textarea><\/span> <\/label>\n<\/p>\n<p><span class=\"wpcf7-form-control-wrap\" data-name=\"acceptance-611\"><span class=\"wpcf7-form-control wpcf7-acceptance\"><span class=\"wpcf7-list-item\"><label><input type=\"checkbox\" name=\"acceptance-611\" value=\"1\" aria-invalid=\"false\" \/><span class=\"wpcf7-list-item-label\">*Acepto los <a href=\"https:\/\/www.clinicavilarsancho.com\/en\/politica-de-privacidad\/\">t\u00e9rminos legales y la pol\u00edtica de privacidad<\/a><\/span><\/label><\/span><\/span><\/span>\n<\/p>\n<p><input class=\"wpcf7-form-control wpcf7-submit has-spinner\" type=\"submit\" value=\"Send\" \/>\n<\/p><div class=\"wpcf7-response-output\" aria-hidden=\"true\"><\/div>\n<input type=\"hidden\" name=\"trp-form-language\" value=\"en\"\/><\/form>\n<\/div>\n<\/div> \t\t\t<script>\r\n \t\t\t        var theform = document.querySelector('.void-cf7-0');\r\n\t\t\t\t\t\ttheform.addEventListener( 'wpcf7mailsent', function( event ) {\r\n\t\t\t\t\t    location = 'https:\/\/www.clinicavilarsancho.com\/en\/contacto\/';\r\n\t\t\t\t\t}, false );\r\n\t\t\t<\/script>\r\n\r\n\t\t\t\t\t\t<\/div>\n\t\t\t\t<\/div>\n\t\t\t\t<div class=\"elementor-element elementor-element-1917576 elementor-widget elementor-widget-text-editor\" data-id=\"1917576\" data-element_type=\"widget\" data-e-type=\"widget\" data-widget_type=\"text-editor.default\">\n\t\t\t\t<div class=\"elementor-widget-container\">\n\t\t\t\t\t\t\t\t\t<p><strong>Responsable de los datos:<\/strong> <span lang=\"PT-BR\">INSTITUTO DENTAL VILAR-SANCHO, S.L.P.<\/span><\/p><p><strong>Finalidad de los datos:<\/strong> Dar respuesta a las consultas y\/o gesti\u00f3n de citas.<\/p><p><strong>Legitimaci\u00f3n:<\/strong> Consentimiento del interesado.<\/p><p><b>Destinatarios: <\/b>No se ceder\u00e1n datos a terceros, salvo obligaci\u00f3n legal.<\/p><p><strong>Derechos:<\/strong> Tiene derecho a acceder, rectificar y suprimir los datos, as\u00ed como otros derechos, como se explica en la informaci\u00f3n adicional<\/p><p><strong>Informaci\u00f3n adicional:<\/strong> Puede consultar la informaci\u00f3n adicional y detallada sobre Protecci\u00f3n de Datos Personales en el\u00a0<a href=\"https:\/\/www.clinicavilarsancho.com\/en\/politica-de-privacidad\/\"><u>Aviso Legal y Pol\u00edtica de Privacidad<\/u>.<\/a><\/p>\t\t\t\t\t\t\t\t<\/div>\n\t\t\t\t<\/div>\n\t\t\t\t\t<\/div>\n\t\t<\/div>\n\t\t\t\t\t<\/div>\n\t\t<\/section>\n\t\t\t\t<section class=\"elementor-section elementor-top-section elementor-element elementor-element-6102889 elementor-section-boxed elementor-section-height-default elementor-section-height-default\" data-id=\"6102889\" data-element_type=\"section\" data-e-type=\"section\">\n\t\t\t\t\t\t<div class=\"elementor-container elementor-column-gap-default\">\n\t\t\t\t\t<div class=\"elementor-column elementor-col-100 elementor-top-column elementor-element elementor-element-c96ebad\" data-id=\"c96ebad\" data-element_type=\"column\" data-e-type=\"column\">\n\t\t\t<div class=\"elementor-widget-wrap elementor-element-populated\">\n\t\t\t\t\t\t<div class=\"elementor-element elementor-element-954c1a5 elementor-widget elementor-widget-spacer\" data-id=\"954c1a5\" data-element_type=\"widget\" data-e-type=\"widget\" data-widget_type=\"spacer.default\">\n\t\t\t\t<div class=\"elementor-widget-container\">\n\t\t\t\t\t\t\t<div class=\"elementor-spacer\">\n\t\t\t<div class=\"elementor-spacer-inner\"><\/div>\n\t\t<\/div>\n\t\t\t\t\t\t<\/div>\n\t\t\t\t<\/div>\n\t\t\t\t\t<\/div>\n\t\t<\/div>\n\t\t\t\t\t<\/div>\n\t\t<\/section>\n\t\t\t\t<\/div>","protected":false},"excerpt":{"rendered":"<p>\u00bfTIENES ALGUNA PREGUNTA? Ponte en contacto con nosotros, ser\u00e1 un placer atenderte. Nombre* Email* M\u00f3vil* \u00bfC\u00f3mo podemos ayudarte?* *Acepto los t\u00e9rminos legales y la pol\u00edtica de privacidad Responsable de los datos: INSTITUTO DENTAL VILAR-SANCHO, S.L.P. Finalidad de los datos: Dar respuesta a las consultas y\/o gesti\u00f3n de citas. Legitimaci\u00f3n: Consentimiento del interesado. Destinatarios: No se &hellip;<\/p>","protected":false},"author":1,"featured_media":0,"parent":0,"menu_order":0,"comment_status":"closed","ping_status":"closed","template":"","meta":{"_monsterinsights_skip_tracking":false,"_monsterinsights_sitenote_active":false,"_monsterinsights_sitenote_note":"","_monsterinsights_sitenote_category":0,"_joinchat":[],"footnotes":""},"class_list":["post-49","page","type-page","status-publish","hentry"],"yoast_head":"<!-- This site is optimized with the Yoast SEO plugin v27.5 - https:\/\/yoast.com\/product\/yoast-seo-wordpress\/ -->\n<title>Contacta Cl\u00ednica Dental Urgencias Pozuelo de Alarc\u00f3n Hoy<\/title>\n<meta name=\"description\" content=\"\u00bfNecesitas una clinica dental de urgencias en Pozuelo de Alarc\u00f3n? En Cl\u00ednica Vilar Sancho te atenderemos de inmediato.\" \/>\n<meta name=\"robots\" content=\"index, follow, max-snippet:-1, max-image-preview:large, max-video-preview:-1\" \/>\n<link rel=\"canonical\" href=\"https:\/\/www.clinicavilarsancho.com\/en\/contacto\/\" \/>\n<meta property=\"og:locale\" content=\"en_US\" \/>\n<meta property=\"og:type\" content=\"article\" \/>\n<meta property=\"og:title\" content=\"Contacta Cl\u00ednica Dental Urgencias Pozuelo de Alarc\u00f3n Hoy\" \/>\n<meta property=\"og:description\" content=\"\u00bfNecesitas una clinica dental de urgencias en Pozuelo de Alarc\u00f3n? En Cl\u00ednica Vilar Sancho te atenderemos de inmediato.\" \/>\n<meta property=\"og:url\" content=\"https:\/\/www.clinicavilarsancho.com\/en\/contacto\/\" \/>\n<meta property=\"og:site_name\" content=\"Cl&iacute;nica Dental Vilar Sancho\" \/>\n<meta property=\"article:publisher\" content=\"https:\/\/www.facebook.com\/clinicaalbores\" \/>\n<meta property=\"article:modified_time\" content=\"2025-07-09T16:00:58+00:00\" \/>\n<meta property=\"og:image\" content=\"https:\/\/www.clinicavilarsancho.com\/wp-content\/uploads\/2022\/01\/foto-contacto-768x516.jpg\" \/>\n<meta name=\"twitter:card\" content=\"summary_large_image\" \/>\n<meta name=\"twitter:label1\" content=\"Est. reading time\" \/>\n\t<meta name=\"twitter:data1\" content=\"1 minute\" \/>\n<script type=\"application\/ld+json\" class=\"yoast-schema-graph\">{\"@context\":\"https:\\\/\\\/schema.org\",\"@graph\":[{\"@type\":\"WebPage\",\"@id\":\"https:\\\/\\\/www.clinicavilarsancho.com\\\/en\\\/contacto\\\/\",\"url\":\"https:\\\/\\\/www.clinicavilarsancho.com\\\/en\\\/contacto\\\/\",\"name\":\"Contacta Cl\u00ednica Dental Urgencias Pozuelo de Alarc\u00f3n Hoy\",\"isPartOf\":{\"@id\":\"https:\\\/\\\/www.clinicavilarsancho.com\\\/#website\"},\"primaryImageOfPage\":{\"@id\":\"https:\\\/\\\/www.clinicavilarsancho.com\\\/en\\\/contacto\\\/#primaryimage\"},\"image\":{\"@id\":\"https:\\\/\\\/www.clinicavilarsancho.com\\\/en\\\/contacto\\\/#primaryimage\"},\"thumbnailUrl\":\"https:\\\/\\\/www.clinicavilarsancho.com\\\/wp-content\\\/uploads\\\/2022\\\/01\\\/foto-contacto-768x516.jpg\",\"datePublished\":\"2020-12-14T11:02:50+00:00\",\"dateModified\":\"2025-07-09T16:00:58+00:00\",\"description\":\"\u00bfNecesitas una clinica dental de urgencias en Pozuelo de Alarc\u00f3n? En Cl\u00ednica Vilar Sancho te atenderemos de inmediato.\",\"breadcrumb\":{\"@id\":\"https:\\\/\\\/www.clinicavilarsancho.com\\\/en\\\/contacto\\\/#breadcrumb\"},\"inLanguage\":\"en-US\",\"potentialAction\":[{\"@type\":\"ReadAction\",\"target\":[\"https:\\\/\\\/www.clinicavilarsancho.com\\\/en\\\/contacto\\\/\"]}]},{\"@type\":\"ImageObject\",\"inLanguage\":\"en-US\",\"@id\":\"https:\\\/\\\/www.clinicavilarsancho.com\\\/en\\\/contacto\\\/#primaryimage\",\"url\":\"https:\\\/\\\/www.clinicavilarsancho.com\\\/wp-content\\\/uploads\\\/2022\\\/01\\\/foto-contacto-768x516.jpg\",\"contentUrl\":\"https:\\\/\\\/www.clinicavilarsancho.com\\\/wp-content\\\/uploads\\\/2022\\\/01\\\/foto-contacto-768x516.jpg\"},{\"@type\":\"BreadcrumbList\",\"@id\":\"https:\\\/\\\/www.clinicavilarsancho.com\\\/en\\\/contacto\\\/#breadcrumb\",\"itemListElement\":[{\"@type\":\"ListItem\",\"position\":1,\"name\":\"Portada\",\"item\":\"https:\\\/\\\/www.clinicavilarsancho.com\\\/en\\\/\"},{\"@type\":\"ListItem\",\"position\":2,\"name\":\"Contacto\"}]},{\"@type\":\"WebSite\",\"@id\":\"https:\\\/\\\/www.clinicavilarsancho.com\\\/#website\",\"url\":\"https:\\\/\\\/www.clinicavilarsancho.com\\\/\",\"name\":\"Cl&iacute;nica Dental Vilar Sancho\",\"description\":\"\",\"publisher\":{\"@id\":\"https:\\\/\\\/www.clinicavilarsancho.com\\\/#organization\"},\"potentialAction\":[{\"@type\":\"SearchAction\",\"target\":{\"@type\":\"EntryPoint\",\"urlTemplate\":\"https:\\\/\\\/www.clinicavilarsancho.com\\\/?s={search_term_string}\"},\"query-input\":{\"@type\":\"PropertyValueSpecification\",\"valueRequired\":true,\"valueName\":\"search_term_string\"}}],\"inLanguage\":\"en-US\"},{\"@type\":\"Organization\",\"@id\":\"https:\\\/\\\/www.clinicavilarsancho.com\\\/#organization\",\"name\":\"clinicaalbores.es\",\"url\":\"https:\\\/\\\/www.clinicavilarsancho.com\\\/\",\"logo\":{\"@type\":\"ImageObject\",\"inLanguage\":\"en-US\",\"@id\":\"https:\\\/\\\/www.clinicavilarsancho.com\\\/#\\\/schema\\\/logo\\\/image\\\/\",\"url\":\"https:\\\/\\\/www.clinicavilarsancho.com\\\/wp-content\\\/uploads\\\/2021\\\/01\\\/solo-Logo-Cli\u0301nica-Albores-pngg.png\",\"contentUrl\":\"https:\\\/\\\/www.clinicavilarsancho.com\\\/wp-content\\\/uploads\\\/2021\\\/01\\\/solo-Logo-Cli\u0301nica-Albores-pngg.png\",\"width\":492,\"height\":433,\"caption\":\"clinicaalbores.es\"},\"image\":{\"@id\":\"https:\\\/\\\/www.clinicavilarsancho.com\\\/#\\\/schema\\\/logo\\\/image\\\/\"},\"sameAs\":[\"https:\\\/\\\/www.facebook.com\\\/clinicaalbores\",\"https:\\\/\\\/www.instagram.com\\\/clinica_albores\\\/\"]}]}<\/script>\n<!-- \/ Yoast SEO plugin. -->","yoast_head_json":{"title":"Contacta Cl\u00ednica Dental Urgencias Pozuelo de Alarc\u00f3n Hoy","description":"\u00bfNecesitas una clinica dental de urgencias en Pozuelo de Alarc\u00f3n? En Cl\u00ednica Vilar Sancho te atenderemos de inmediato.","robots":{"index":"index","follow":"follow","max-snippet":"max-snippet:-1","max-image-preview":"max-image-preview:large","max-video-preview":"max-video-preview:-1"},"canonical":"https:\/\/www.clinicavilarsancho.com\/en\/contacto\/","og_locale":"en_US","og_type":"article","og_title":"Contacta Cl\u00ednica Dental Urgencias Pozuelo de Alarc\u00f3n Hoy","og_description":"\u00bfNecesitas una clinica dental de urgencias en Pozuelo de Alarc\u00f3n? En Cl\u00ednica Vilar Sancho te atenderemos de inmediato.","og_url":"https:\/\/www.clinicavilarsancho.com\/en\/contacto\/","og_site_name":"Cl&iacute;nica Dental Vilar Sancho","article_publisher":"https:\/\/www.facebook.com\/clinicaalbores","article_modified_time":"2025-07-09T16:00:58+00:00","og_image":[{"url":"https:\/\/www.clinicavilarsancho.com\/wp-content\/uploads\/2022\/01\/foto-contacto-768x516.jpg","type":"","width":"","height":""}],"twitter_card":"summary_large_image","twitter_misc":{"Est. reading time":"1 minute"},"schema":{"@context":"https:\/\/schema.org","@graph":[{"@type":"WebPage","@id":"https:\/\/www.clinicavilarsancho.com\/en\/contacto\/","url":"https:\/\/www.clinicavilarsancho.com\/en\/contacto\/","name":"Contacta Cl\u00ednica Dental Urgencias Pozuelo de Alarc\u00f3n Hoy","isPartOf":{"@id":"https:\/\/www.clinicavilarsancho.com\/#website"},"primaryImageOfPage":{"@id":"https:\/\/www.clinicavilarsancho.com\/en\/contacto\/#primaryimage"},"image":{"@id":"https:\/\/www.clinicavilarsancho.com\/en\/contacto\/#primaryimage"},"thumbnailUrl":"https:\/\/www.clinicavilarsancho.com\/wp-content\/uploads\/2022\/01\/foto-contacto-768x516.jpg","datePublished":"2020-12-14T11:02:50+00:00","dateModified":"2025-07-09T16:00:58+00:00","description":"\u00bfNecesitas una clinica dental de urgencias en Pozuelo de Alarc\u00f3n? En Cl\u00ednica Vilar Sancho te atenderemos de inmediato.","breadcrumb":{"@id":"https:\/\/www.clinicavilarsancho.com\/en\/contacto\/#breadcrumb"},"inLanguage":"en-US","potentialAction":[{"@type":"ReadAction","target":["https:\/\/www.clinicavilarsancho.com\/en\/contacto\/"]}]},{"@type":"ImageObject","inLanguage":"en-US","@id":"https:\/\/www.clinicavilarsancho.com\/en\/contacto\/#primaryimage","url":"https:\/\/www.clinicavilarsancho.com\/wp-content\/uploads\/2022\/01\/foto-contacto-768x516.jpg","contentUrl":"https:\/\/www.clinicavilarsancho.com\/wp-content\/uploads\/2022\/01\/foto-contacto-768x516.jpg"},{"@type":"BreadcrumbList","@id":"https:\/\/www.clinicavilarsancho.com\/en\/contacto\/#breadcrumb","itemListElement":[{"@type":"ListItem","position":1,"name":"Portada","item":"https:\/\/www.clinicavilarsancho.com\/en\/"},{"@type":"ListItem","position":2,"name":"Contacto"}]},{"@type":"WebSite","@id":"https:\/\/www.clinicavilarsancho.com\/#website","url":"https:\/\/www.clinicavilarsancho.com\/","name":"Cl&iacute;nica Dental Vilar Sancho","description":"","publisher":{"@id":"https:\/\/www.clinicavilarsancho.com\/#organization"},"potentialAction":[{"@type":"SearchAction","target":{"@type":"EntryPoint","urlTemplate":"https:\/\/www.clinicavilarsancho.com\/?s={search_term_string}"},"query-input":{"@type":"PropertyValueSpecification","valueRequired":true,"valueName":"search_term_string"}}],"inLanguage":"en-US"},{"@type":"Organization","@id":"https:\/\/www.clinicavilarsancho.com\/#organization","name":"clinicaalbores.es","url":"https:\/\/www.clinicavilarsancho.com\/","logo":{"@type":"ImageObject","inLanguage":"en-US","@id":"https:\/\/www.clinicavilarsancho.com\/#\/schema\/logo\/image\/","url":"https:\/\/www.clinicavilarsancho.com\/wp-content\/uploads\/2021\/01\/solo-Logo-Cli\u0301nica-Albores-pngg.png","contentUrl":"https:\/\/www.clinicavilarsancho.com\/wp-content\/uploads\/2021\/01\/solo-Logo-Cli\u0301nica-Albores-pngg.png","width":492,"height":433,"caption":"clinicaalbores.es"},"image":{"@id":"https:\/\/www.clinicavilarsancho.com\/#\/schema\/logo\/image\/"},"sameAs":["https:\/\/www.facebook.com\/clinicaalbores","https:\/\/www.instagram.com\/clinica_albores\/"]}]}},"_links":{"self":[{"href":"https:\/\/www.clinicavilarsancho.com\/en\/wp-json\/wp\/v2\/pages\/49","targetHints":{"allow":["GET"]}}],"collection":[{"href":"https:\/\/www.clinicavilarsancho.com\/en\/wp-json\/wp\/v2\/pages"}],"about":[{"href":"https:\/\/www.clinicavilarsancho.com\/en\/wp-json\/wp\/v2\/types\/page"}],"author":[{"embeddable":true,"href":"https:\/\/www.clinicavilarsancho.com\/en\/wp-json\/wp\/v2\/users\/1"}],"replies":[{"embeddable":true,"href":"https:\/\/www.clinicavilarsancho.com\/en\/wp-json\/wp\/v2\/comments?post=49"}],"version-history":[{"count":0,"href":"https:\/\/www.clinicavilarsancho.com\/en\/wp-json\/wp\/v2\/pages\/49\/revisions"}],"wp:attachment":[{"href":"https:\/\/www.clinicavilarsancho.com\/en\/wp-json\/wp\/v2\/media?parent=49"}],"curies":[{"name":"wp","href":"https:\/\/api.w.org\/{rel}","templated":true}]}}